{"id":679,"date":"2024-10-29T13:21:36","date_gmt":"2024-10-29T13:21:36","guid":{"rendered":"https:\/\/lesarchersdelavallee.fr\/?page_id=679"},"modified":"2024-11-02T07:28:25","modified_gmt":"2024-11-02T07:28:25","slug":"souvenirs","status":"publish","type":"page","link":"https:\/\/lesarchersdelavallee.fr\/index.php\/souvenirs\/","title":{"rendered":"Souvenirs"},"content":{"rendered":"\n<div class=\"wp-block-essential-blocks-wrapper alignfull  root-eb-wrapper-rize4id\"><div class=\"eb-parent-wrapper eb-parent-eb-wrapper-rize4id \"><div class=\"eb-wrapper-outer eb-wrapper-rize4id\"><div class=\"eb-wrapper-inner\"><div class=\"eb-wrapper-inner-blocks eb-wrapper-align-center\">\n<div class=\"wp-block-essential-blocks-advanced-heading  root-eb-advance-heading-44pludz\"><div class=\"eb-parent-wrapper eb-parent-eb-advance-heading-44pludz eb_animation eb___animated eb___fadeInUp\"><div class=\"eb-advance-heading-wrapper eb-advance-heading-44pludz button-1\" data-id=\"eb-advance-heading-44pludz\"><h2 class=\"eb-ah-title\">Nos \u00e9v\u00e8nements pass\u00e9s<\/h2><\/div><\/div><\/div>\n\n\n<div class=\"root-eb-post-grid-1lkdgrd alignfull flyshot_postgrid wp-block-essential-blocks-post-grid\">\n    <div class=\"eb-parent-wrapper eb-parent-eb-post-grid-1lkdgrd eb_animation eb___animated eb___fadeInUp\">\n        <div class=\"eb-post-grid-1lkdgrd style-5 eb-post-grid-wrapper\"\n            data-id=\"eb-post-grid-1lkdgrd\"\n            data-querydata=\"{&quot;source&quot;:&quot;post&quot;,&quot;sourceIndex&quot;:0,&quot;rest_base&quot;:&quot;posts&quot;,&quot;rest_namespace&quot;:&quot;wp\\\/v2&quot;,&quot;author&quot;:&quot;[]&quot;,&quot;taxonomies&quot;:{&quot;category&quot;:{&quot;name&quot;:&quot;Cat\\u00e9gories&quot;,&quot;rest_base&quot;:&quot;categories&quot;,&quot;rest_namespace&quot;:&quot;wp\\\/v2&quot;,&quot;slug&quot;:&quot;category&quot;,&quot;value&quot;:&quot;[{\\&quot;value\\&quot;:14,\\&quot;label\\&quot;:\\&quot;Souvenir\\&quot;}]&quot;}},&quot;per_page&quot;:&quot;3&quot;,&quot;offset&quot;:&quot;0&quot;,&quot;orderby&quot;:&quot;date&quot;,&quot;order&quot;:&quot;desc&quot;,&quot;include&quot;:&quot;&quot;,&quot;exclude&quot;:&quot;&quot;,&quot;exclude_current&quot;:false}\"\n            data-attributes=\"{&quot;thumbnailSize&quot;:&quot;&quot;,&quot;loadMoreOptions&quot;:{&quot;enableMorePosts&quot;:true,&quot;loadMoreType&quot;:&quot;1&quot;,&quot;loadMoreButtonTxt&quot;:&quot;Voir plus d&#039;articles&quot;,&quot;alignment&quot;:&quot;center&quot;,&quot;prevTxt&quot;:&quot;&lt;&quot;,&quot;nextTxt&quot;:&quot;&gt;&quot;,&quot;totalPosts&quot;:2},&quot;showSearch&quot;:false,&quot;showTaxonomyFilter&quot;:false,&quot;enableAjaxSearch&quot;:false,&quot;addIcon&quot;:true,&quot;iconPosition&quot;:&quot;left&quot;,&quot;icon&quot;:&quot;far fa-eye&quot;,&quot;preset&quot;:&quot;style-5&quot;,&quot;defaultFilter&quot;:&quot;all&quot;,&quot;version&quot;:&quot;v2&quot;,&quot;showBlockContent&quot;:true,&quot;showFallbackImg&quot;:false,&quot;fallbackImgUrl&quot;:&quot;&quot;,&quot;showThumbnail&quot;:true,&quot;showTitle&quot;:true,&quot;titleLength&quot;:&quot;&quot;,&quot;titleTag&quot;:&quot;h2&quot;,&quot;showContent&quot;:false,&quot;contentLength&quot;:20,&quot;expansionIndicator&quot;:&quot;...&quot;,&quot;showReadMore&quot;:false,&quot;readmoreText&quot;:&quot;Lire la suite&quot;,&quot;showMeta&quot;:false,&quot;headerMeta&quot;:&quot;[{\\&quot;value\\&quot;:\\&quot;author\\&quot;,\\&quot;label\\&quot;:\\&quot;Author Name\\&quot;},{\\&quot;value\\&quot;:\\&quot;date\\&quot;,\\&quot;label\\&quot;:\\&quot;Published Date\\&quot;}]&quot;,&quot;footerMeta&quot;:&quot;[]&quot;,&quot;authorPrefix&quot;:&quot;by&quot;,&quot;datePrefix&quot;:&quot;on&quot;}\">\n\n            \n\n            <div class=\"eb-post-grid-posts-wrapper\"><article class=\"ebpg-grid-post ebpg-post-grid-column\" data-id=\"394\"><div class=\"ebpg-grid-post-holder\"><a class=\"ebpg-post-link-wrapper eb-sr-only\" href=\"https:\/\/lesarchersdelavallee.fr\/index.php\/2024\/10\/17\/mulhouse-le-27-octobre-2024\/\">Mulhouse le 27 octobre 2024<\/a><div class=\"ebpg-entry-media\">\n                <div class=\"ebpg-entry-thumbnail\">\n                    \n                    <img fetchpriority=\"high\" decoding=\"async\" width=\"1920\" height=\"2560\" src=\"https:\/\/lesarchersdelavallee.fr\/wp-content\/uploads\/2024\/10\/IMG_4717-2-scaled.jpeg\" class=\"attachment-full size-full\" alt=\"\" \/>\n                <\/div>\n            <\/div><div class=\"ebpg-entry-wrapper\"><header class=\"ebpg-entry-header\">\n            <h2 class=\"ebpg-entry-title\">\n                <a class=\"ebpg-grid-post-link\" href=\"https:\/\/lesarchersdelavallee.fr\/index.php\/2024\/10\/17\/mulhouse-le-27-octobre-2024\/\" title=\"Mulhouse le 27 octobre 2024\">Mulhouse le 27 octobre 2024<\/a>\n            <\/h2>\n        <\/header><\/div><\/div><\/article><article class=\"ebpg-grid-post ebpg-post-grid-column\" data-id=\"1\"><div class=\"ebpg-grid-post-holder\"><a class=\"ebpg-post-link-wrapper eb-sr-only\" href=\"https:\/\/lesarchersdelavallee.fr\/index.php\/2024\/09\/12\/tir-halloween\/\">Tir Halloween 2023<\/a><div class=\"ebpg-entry-media\">\n                <div class=\"ebpg-entry-thumbnail\">\n                    \n                    <img decoding=\"async\" width=\"832\" height=\"1152\" src=\"https:\/\/lesarchersdelavallee.fr\/wp-content\/uploads\/2024\/10\/freepik__colorful-flat-illustration-classical-animes-a-dive__6550.jpeg\" class=\"attachment-full size-full\" alt=\"\" \/>\n                <\/div>\n            <\/div><div class=\"ebpg-entry-wrapper\"><header class=\"ebpg-entry-header\">\n            <h2 class=\"ebpg-entry-title\">\n                <a class=\"ebpg-grid-post-link\" href=\"https:\/\/lesarchersdelavallee.fr\/index.php\/2024\/09\/12\/tir-halloween\/\" title=\"Tir Halloween 2023\">Tir Halloween 2023<\/a>\n            <\/h2>\n        <\/header><\/div><\/div><\/article><\/div>        <\/div>\n    <\/div>\n<\/div>\n<\/div><\/div><\/div><\/div><\/div>\n","protected":false},"excerpt":{"rendered":"","protected":false},"author":2,"featured_media":0,"parent":0,"menu_order":0,"comment_status":"closed","ping_status":"closed","template":"","meta":{"_eb_attr":"","footnotes":""},"class_list":["post-679","page","type-page","status-publish","hentry"],"_links":{"self":[{"href":"https:\/\/lesarchersdelavallee.fr\/index.php\/wp-json\/wp\/v2\/pages\/679","targetHints":{"allow":["GET"]}}],"collection":[{"href":"https:\/\/lesarchersdelavallee.fr\/index.php\/wp-json\/wp\/v2\/pages"}],"about":[{"href":"https:\/\/lesarchersdelavallee.fr\/index.php\/wp-json\/wp\/v2\/types\/page"}],"author":[{"embeddable":true,"href":"https:\/\/lesarchersdelavallee.fr\/index.php\/wp-json\/wp\/v2\/users\/2"}],"replies":[{"embeddable":true,"href":"https:\/\/lesarchersdelavallee.fr\/index.php\/wp-json\/wp\/v2\/comments?post=679"}],"version-history":[{"count":4,"href":"https:\/\/lesarchersdelavallee.fr\/index.php\/wp-json\/wp\/v2\/pages\/679\/revisions"}],"predecessor-version":[{"id":687,"href":"https:\/\/lesarchersdelavallee.fr\/index.php\/wp-json\/wp\/v2\/pages\/679\/revisions\/687"}],"wp:attachment":[{"href":"https:\/\/lesarchersdelavallee.fr\/index.php\/wp-json\/wp\/v2\/media?parent=679"}],"curies":[{"name":"wp","href":"https:\/\/api.w.org\/{rel}","templated":true}]}}